{"id":4881,"date":"2026-03-31T08:57:33","date_gmt":"2026-03-31T13:57:33","guid":{"rendered":"https:\/\/sanjoselaesperanza.edu.pe\/web\/?page_id=4881"},"modified":"2026-03-31T09:08:49","modified_gmt":"2026-03-31T14:08:49","slug":"comunicados-sj","status":"publish","type":"page","link":"https:\/\/sanjoselaesperanza.edu.pe\/web\/comunicados-sj\/","title":{"rendered":"Comunicados SJ"},"content":{"rendered":"\t\t<div data-elementor-type=\"wp-page\" data-elementor-id=\"4881\" class=\"elementor elementor-4881\" data-elementor-post-type=\"page\">\n\t\t\t\t<div class=\"elementor-element elementor-element-aa31d53 e-flex e-con-boxed e-con e-parent\" data-id=\"aa31d53\" data-element_type=\"container\" data-e-type=\"container\">\n\t\t\t\t\t<div class=\"e-con-inner\">\n\t\t\t\t<div class=\"elementor-element elementor-element-4d350aa elementor-widget elementor-widget-iteck-heading\" data-id=\"4d350aa\" data-element_type=\"widget\" data-e-type=\"widget\" data-widget_type=\"iteck-heading.default\">\n\t\t\t\t<div class=\"elementor-widget-container\">\n\t\t\t\t\t<h2 class=\"iteck-heading iteck-additional-color\">Comunicados y<br><span>avisos oficiales<\/span><\/h2>\t\t\t\t<\/div>\n\t\t\t\t<\/div>\n\t\t\t\t\t<\/div>\n\t\t\t\t<\/div>\n\t\t<div class=\"elementor-element elementor-element-3a79cab e-flex e-con-boxed e-con e-parent\" data-id=\"3a79cab\" data-element_type=\"container\" data-e-type=\"container\">\n\t\t\t\t\t<div class=\"e-con-inner\">\n\t\t\t\t<div class=\"elementor-element elementor-element-975c1c8 elementor-widget elementor-widget-iteck-text-editor\" data-id=\"975c1c8\" data-element_type=\"widget\" data-e-type=\"widget\" data-widget_type=\"iteck-text-editor.default\">\n\t\t\t\t<div class=\"elementor-widget-container\">\n\t\t\t\t\t\t\t\t\t\t<div class=\"elementor-text-editor elementor-clearfix\">\r\n\t\t\t\t<p><strong style=\"letter-spacing: -0.3px;\" data-start=\"91\" data-end=\"158\">\u00a1Atenci\u00f3n! cambio de WhatsApp institucional<\/strong><\/p>\t\t\t\t\t<\/div>\r\n\t\t\t\t\t\t\t\t<\/div>\n\t\t\t\t<\/div>\n\t\t\t\t\t<\/div>\n\t\t\t\t<\/div>\n\t\t<div class=\"elementor-element elementor-element-440efaf e-flex e-con-boxed e-con e-parent\" data-id=\"440efaf\" data-element_type=\"container\" data-e-type=\"container\">\n\t\t\t\t\t<div class=\"e-con-inner\">\n\t\t\t\t<div class=\"elementor-element elementor-element-643e83d elementor-widget elementor-widget-image\" data-id=\"643e83d\" data-element_type=\"widget\" data-e-type=\"widget\" data-widget_type=\"image.default\">\n\t\t\t\t<div class=\"elementor-widget-container\">\n\t\t\t\t\t\t\t\t\t\t\t\t\t\t\t<img fetchpriority=\"high\" decoding=\"async\" width=\"1024\" height=\"1024\" src=\"https:\/\/sanjoselaesperanza.edu.pe\/web\/wp-content\/uploads\/2026\/03\/Comunicado-nuevo-numero-1024x1024.png\" class=\"attachment-large size-large wp-image-4886\" alt=\"Comunicado 01\" \/>\t\t\t\t\t\t\t\t\t\t\t\t\t\t\t<\/div>\n\t\t\t\t<\/div>\n\t\t\t\t\t<\/div>\n\t\t\t\t<\/div>\n\t\t<div class=\"elementor-element elementor-element-c4e7662 e-flex e-con-boxed e-con e-parent\" data-id=\"c4e7662\" data-element_type=\"container\" data-e-type=\"container\">\n\t\t\t\t\t<div class=\"e-con-inner\">\n\t\t\t\t<div class=\"elementor-element elementor-element-e539fb9 elementor-widget__width-initial elementor-align-center elementor-widget elementor-widget-iteck-button\" data-id=\"e539fb9\" data-element_type=\"widget\" data-e-type=\"widget\" data-widget_type=\"iteck-button.default\">\n\t\t\t\t<div class=\"elementor-widget-container\">\n\t\t\t\t\t\r\n\t\t<a href=\"https:\/\/wa.link\/8bw09u\"  class=\"iteck-button \">\r\n\t\t\t<span class=\"iteck-button-content-wrapper\">\r\n\t\t\t\t\t\t\t\t\t<span class=\"iteck-button-icon iteck-align-icon-left hover-animation-none\">\r\n\t\t\t\t\t\t<i aria-hidden=\"true\" class=\"fas fa-info-circle\"><\/i>\t\t\t\t\t<\/span>\r\n\t\t\t\t\t\t\t\t<span class=\"iteck-button-text\">\r\n\t\t\t\t\tEscr\u00edbenos aqu\u00ed\t\t\t\t<\/span>\r\n\t\t\t\t\t\t\t<\/span>\r\n\t\t<\/a>\r\n\r\n\t\t\t\t<\/div>\n\t\t\t\t<\/div>\n\t\t\t\t\t<\/div>\n\t\t\t\t<\/div>\n\t\t\t\t<\/div>\n\t\t","protected":false},"excerpt":{"rendered":"<p>Comunicados yavisos oficiales \u00a1Atenci\u00f3n! cambio de WhatsApp institucional Escr\u00edbenos aqu\u00ed<\/p>\n","protected":false},"author":1,"featured_media":0,"parent":0,"menu_order":0,"comment_status":"closed","ping_status":"closed","template":"","meta":{"_joinchat":[],"footnotes":""},"class_list":["post-4881","page","type-page","status-publish","hentry"],"jetpack_sharing_enabled":true,"_links":{"self":[{"href":"https:\/\/sanjoselaesperanza.edu.pe\/web\/wp-json\/wp\/v2\/pages\/4881","targetHints":{"allow":["GET"]}}],"collection":[{"href":"https:\/\/sanjoselaesperanza.edu.pe\/web\/wp-json\/wp\/v2\/pages"}],"about":[{"href":"https:\/\/sanjoselaesperanza.edu.pe\/web\/wp-json\/wp\/v2\/types\/page"}],"author":[{"embeddable":true,"href":"https:\/\/sanjoselaesperanza.edu.pe\/web\/wp-json\/wp\/v2\/users\/1"}],"replies":[{"embeddable":true,"href":"https:\/\/sanjoselaesperanza.edu.pe\/web\/wp-json\/wp\/v2\/comments?post=4881"}],"version-history":[{"count":10,"href":"https:\/\/sanjoselaesperanza.edu.pe\/web\/wp-json\/wp\/v2\/pages\/4881\/revisions"}],"predecessor-version":[{"id":4897,"href":"https:\/\/sanjoselaesperanza.edu.pe\/web\/wp-json\/wp\/v2\/pages\/4881\/revisions\/4897"}],"wp:attachment":[{"href":"https:\/\/sanjoselaesperanza.edu.pe\/web\/wp-json\/wp\/v2\/media?parent=4881"}],"curies":[{"name":"wp","href":"https:\/\/api.w.org\/{rel}","templated":true}]}}